{"id":6,"date":"2012-11-20T11:01:52","date_gmt":"2012-11-20T10:01:52","guid":{"rendered":"http:\/\/couroberon.com\/site2\/?page_id=6"},"modified":"2012-11-20T11:01:52","modified_gmt":"2012-11-20T10:01:52","slug":"pagina-fugit","status":"publish","type":"page","link":"http:\/\/couroberon.com\/site2\/pagina-fugit\/","title":{"rendered":"Pagina Fugit"},"content":{"rendered":"<p>O t\u00e9m\u00e9raire internaute, toi qui as surf\u00e9 sur bits &amp; octets jusqu&rsquo;en cette page, prends garde \u00e0 toi! Un danger horrifique menace ta SAN, plus angoissant que le <strong><em>De Vermis Mysteriis<\/em><\/strong>, plus insidieuxque le <strong><em>Livre de Sable<\/em><\/strong>&#8230; Il existe d&rsquo;autres mondes, d&rsquo;autres dimensions parall\u00e8les \u00e0 la n\u00f4tre, et le web est une fen\u00eatre ouverte sur ces univers \u00e9trangers.<\/p>\n<p>Je vois tout de suite pointer les sourires incr\u00e9dules,les r\u00e9flexions ironiques du style : \u00ab\u00a0Encore un sectateur du WoD qui va nous raconter avec force poncifs &amp; fautes d&rsquo;orthographe qu&rsquo;il est un Prince Toreador de la Cinqui\u00e8me g\u00e9n\u00e9ration&#8230;\u00a0\u00bb D\u00e9trompez-vous ! Pour l&rsquo;heure,j&rsquo;ai laiss\u00e9 mes goules, mes calices et trois ou quatre cadavres exsangues au placard. Le danger dont je veux parler est r\u00e9el !<\/p>\n<p>Les mondes parall\u00e8les existent parce que&#8230; les documents parall\u00e8les existent. Imaginons l&rsquo;investigateur&#8230;pardon, l&rsquo;internaute standard visitant \u00ab\u00a0La page de Machin\u00a0\u00bb. Il y d\u00e9couvre un super sc\u00e9nario, \u00ab\u00a0Le couloir \u00e0 droite au fond du donj&rsquo; \u00a0\u00bb pour \u00ab\u00a0Masses &amp; Maillets\u00a0\u00bb, son jdr d&rsquo;ambiance pr\u00e9f\u00e9r\u00e9. Aussi heureux qu&rsquo;un Nain qui vient de resquiller sur le pourboire d&rsquo;une fille de taverne, il t\u00e9l\u00e9charge le sc\u00e9nario original. Puis,continuant son run, il d\u00e9couvre un autre site, \u00ab\u00a0La page deTruc\u00a0\u00bb. Et, \u00f4 surprise, il y d\u00e9gotte un supersc\u00e9nario, \u00ab\u00a0Le couloir \u00e0 droite au fond du donj&rsquo; \u00ab\u00a0, pour \u00ab\u00a0Masses &amp; Maillets\u00a0\u00bb, son jdr d&rsquo;ambiance pr\u00e9f\u00e9r\u00e9. Un peu d\u00e9concert\u00e9, il continue \u00e0 surfer, trouve une troisi\u00e8me page : \u00ab\u00a0La page \u00e0 Bidule\u00a0\u00bb. L&rsquo;originalit\u00e9 du titre l&rsquo;aguiche,pr\u00e9sage des d\u00e9couvertes int\u00e9ressantes, mais,HORREUR-GLAUQUE-CEPHALOPODE-A-VENTOUSES !!!!, il retombe sur \u00ab\u00a0Le couloir \u00e0 droite au fond du donj&rsquo; \u00a0\u00bb ( pour \u00ab\u00a0M&amp;M\u00a0\u00bb, son jdrd&rsquo;ambiance etc&#8230;) !!!!<\/p>\n<p>Alors, que se passe-t-il ? Est-il pass\u00e9 dans la quatri\u00e8me dimension (B.O. angoissante d&rsquo;une s\u00e9rie TV des ann\u00e9es 50) ? Est-ce un coup de la CIA ? Du MI-6 ? Du Mossad ? De la DST ? (Non, l\u00e0, c&rsquo;\u00e9tait pour rigoler.)Les Petits Gris sont-ils parmi nous ? Sauron a-t-il r\u00e9cup\u00e9r\u00e9 son anneau ? Un groupe d&rsquo;investigateurs a-t-il foir\u00e9 son sc\u00e9nario au moment du final o\u00f9 un sorcier d\u00e9g\u00e9n\u00e9r\u00e9 et baveux lan\u00e7ait ses invocations putrides ?&#8230;<\/p>\n<p>La v\u00e9rit\u00e9 est plus affreuse encore ! Amis r\u00f4listes, l&rsquo;ennemi est PARMI NOUS ! Des plagiaires se sont infiltr\u00e9s dans nos rangs. Des plagiaires pillent \u00e9hont\u00e9ment les docs originaux de bon nombre de nos sites ! Des plagiaires sont en train de gaspiller votre temps et votre argent en multipliant les doublets de sc\u00e9narios et d&rsquo;aides de jeux, au lieu d&rsquo;\u00e9tablir des liens pour favoriser les d\u00e9placements et les recherches sur le web.<\/p>\n<p>Depuis quelques temps, Hikaki et moi-m\u00eame avons vu nos sc\u00e9narios, nos aides de jeux, mais aussi ceux d&rsquo;autres illustres r\u00f4listes (Yusei, par exemple), reproduits sans autorisation et sans indications d&rsquo;origine sur divers sites plus ou moins r\u00e9cents. Le pire, c&rsquo;est que la mise en page avait souvent saut\u00e9 au cours de la traduction d&rsquo;un format \u00e0 un autre, et que les docs vol\u00e9s \u00e9taient pr\u00e9sent\u00e9s \u00e0 la diable, sans un effort de lisibilit\u00e9. Bref, de la pompe basique, sans scrupule et sans \u00e9l\u00e9gance.<\/p>\n<p>Alors avant de sortir la lampe \u00e0 ac\u00e9tyl\u00e8ne, les mousquetons, les jerrycans d&rsquo;essence et le calibre 12, je propose que nous rappelions un certain nombre de principes qui garantissent la courtoisie et la libert\u00e9 des \u00e9changes sur le net.<\/p>\n<blockquote>\n<p align=\"left\"><img loading=\"lazy\" decoding=\"async\" src=\"http:\/\/couroberon.free.fr\/Images\/pagina\/xf-bullet.gif\" alt=\"\" width=\"10\" height=\"9\" align=\"middle\" border=\"0\" \/><strong>Distinction entre usage priv\u00e9 et usage public :<\/strong> Les documents laiss\u00e9s en libre-service sur le net sont destin\u00e9s \u00e0 l&rsquo;usage priv\u00e9, non \u00e0 l&rsquo;usage public (sauf mention explicite). On peut t\u00e9l\u00e9charger un sc\u00e9nario, le remanier et le jouer tant qu&rsquo;on veut. Mais pour le placer sur sa propre page-web, le savoir-vivre le plus \u00e9l\u00e9mentaire commande de demander l&rsquo;autorisation du concepteur, d&rsquo;indiquer la provenance du document et d&rsquo;\u00e9tablir un lien vers la page d&rsquo;origine.<\/p>\n<p><span style=\"font-size: medium;\"><img loading=\"lazy\" decoding=\"async\" src=\"http:\/\/couroberon.free.fr\/Images\/pagina\/xf-bullet.gif\" alt=\"\" width=\"10\" height=\"9\" align=\"middle\" border=\"0\" \/><\/span><strong>Notion sur la propri\u00e9t\u00e9 intellectuelle :<\/strong> Au regard de la loi, tout texte, toute cr\u00e9ation plastique, musicale, ludique, etc&#8230; est la propri\u00e9t\u00e9 intellectuelle de son cr\u00e9ateur d\u00e8s que le produit est con\u00e7u, avant une \u00e9ventuelle publication ou commercialisation. L&rsquo;appropriation du produit par un tiers sans l&rsquo;accord explicite du concepteur est donc purement et simplement un vol.<\/p><\/blockquote>\n<p>&nbsp;<\/p>\n<p>J&rsquo;ajouterai que les petits malins qui pr\u00e9textent qu&rsquo;un document recopi\u00e9 favorise sa diffusion font preuve d&rsquo;une mauvaise foi consomm\u00e9e ; pour favoriser la diffusion d&rsquo;un document, un lien est aussi efficace qu&rsquo;une copie, surtout lorsque la copie est de qualit\u00e9 douteuse.<\/p>\n<p>&nbsp;<\/p>\n<p>Voil\u00e0, c&rsquo;\u00e9tait le coup de gueule de l&rsquo;Agent Usher. Qui va de ce pas blinder sa page-web avec une triple \u00e9paisseur de GLACE noire.<\/p>\n<p>&nbsp;<\/p>\n<p><span>&gt;c:cd.helldog.kill&#8217;em.all<\/span><\/p>\n<p><span>&gt;c:kill&#8217;em.all<\/span><\/p>\n<p><span>&gt;helldog activated<\/span><\/p>\n<p><span>&gt;<\/span><\/p>\n<p><span>&gt;<\/span><\/p>\n<p><span>&gt;<\/span><\/p>\n<p><span>&gt;<\/span><\/p>\n<p><span>&gt;<\/span><\/p>\n<p><span>&gt;<\/span><\/p>\n<p><span>&gt;<\/span><\/p>\n<p><span>&gt;<\/span><\/p>\n<p><span>&gt;<\/span><\/p>\n<p><span>&gt;<\/span><\/p>\n<p><span>&gt;<\/span><\/p>\n<p><span>&gt;<\/span><\/p>\n<p><span>&gt;<\/span><\/p>\n<p><span>&gt;<\/span><\/p>\n<p>(Fl\u00fbte&#8230; P&rsquo;tain de programme !&#8230;C&rsquo;est par o\u00f9 la sortie ?&#8230; )<\/p>\n<p><span>&gt;<\/span><\/p>\n<p><span>&gt;<\/span><\/p>\n<p><span>&gt;<\/span><\/p>\n<p>NON, PAS LE CHIEN D&rsquo;ENFER ! JE SUIS PAS UNHACKEEEEEEEEEEEEERRRRRRRRRRRRRRRR&#8230;.<\/p>\n<p><span>&gt;<\/span><\/p>\n<p><span>&gt;<\/span><\/p>\n<p><span>&gt;<\/span><\/p>\n<p>&nbsp;<\/p>\n<p><em>Vous n&rsquo;y croyez pas ? Des investigateurs sp\u00e9cialis\u00e9s vous apportent la bonne <a href=\"http:\/\/www.internet-juridique.com\/libreetcontenus2002.php\">parole<\/a> .<\/em><\/p>\n","protected":false},"excerpt":{"rendered":"<p>O t\u00e9m\u00e9raire internaute, toi qui as surf\u00e9 sur bits &amp; octets jusqu&rsquo;en cette page, prends garde \u00e0 toi! Un danger horrifique menace ta SAN, plus angoissant que le De Vermis Mysteriis, plus insidieuxque le Livre de Sable&#8230; Il existe d&rsquo;autres&hellip;<\/p>\n","protected":false},"author":1,"featured_media":0,"parent":0,"menu_order":0,"comment_status":"open","ping_status":"open","template":"","meta":{"footnotes":""},"class_list":["post-6","page","type-page","status-publish","hentry"],"_links":{"self":[{"href":"http:\/\/couroberon.com\/site2\/wp-json\/wp\/v2\/pages\/6","targetHints":{"allow":["GET"]}}],"collection":[{"href":"http:\/\/couroberon.com\/site2\/wp-json\/wp\/v2\/pages"}],"about":[{"href":"http:\/\/couroberon.com\/site2\/wp-json\/wp\/v2\/types\/page"}],"author":[{"embeddable":true,"href":"http:\/\/couroberon.com\/site2\/wp-json\/wp\/v2\/users\/1"}],"replies":[{"embeddable":true,"href":"http:\/\/couroberon.com\/site2\/wp-json\/wp\/v2\/comments?post=6"}],"version-history":[{"count":1,"href":"http:\/\/couroberon.com\/site2\/wp-json\/wp\/v2\/pages\/6\/revisions"}],"predecessor-version":[{"id":7,"href":"http:\/\/couroberon.com\/site2\/wp-json\/wp\/v2\/pages\/6\/revisions\/7"}],"wp:attachment":[{"href":"http:\/\/couroberon.com\/site2\/wp-json\/wp\/v2\/media?parent=6"}],"curies":[{"name":"wp","href":"https:\/\/api.w.org\/{rel}","templated":true}]}}