{"id":2,"date":"2012-11-20T06:26:36","date_gmt":"2012-11-20T06:26:36","guid":{"rendered":"http:\/\/couroberon.com\/site2\/?page_id=2"},"modified":"2015-08-14T23:47:32","modified_gmt":"2015-08-14T21:47:32","slug":"sample-page","status":"publish","type":"page","link":"http:\/\/couroberon.com\/site2\/sample-page\/","title":{"rendered":"A propos"},"content":{"rendered":"<h3><\/h3>\n<p>&nbsp;<\/p>\n<h3 style=\"text-align: center;\"><img loading=\"lazy\" decoding=\"async\" src=\"http:\/\/couroberon.com\/porte\/templates\/SunSet_Birds\/images\/index_03.jpg\" alt=\"http:\/\/couroberon.com\/porte\/templates\/SunSet_Birds\/images\/index_03.jpg\" width=\"423\" height=\"76\" \/><\/h3>\n<p>&nbsp;<\/p>\n<h3><em>La Cour d&rsquo;Ob\u00e9ron, ce sont des\u00a0 feuilles de personnages, des centaines de sc\u00e9narios, des aides de jeu, des univers,un ezine, des nouvelles, des articles, des illustrations et des jeux de r\u00f4le gratuits.<\/em><\/h3>\n<p>&nbsp;<\/p>\n<p>&nbsp;<\/p>\n<p>Nous vous souhaitons la bienvenue sur ce site consacr\u00e9 aux jeux de r\u00f4les. Vous y trouverez des aides de jeu, des sc\u00e9narios, des nouvelles et jdrs amateurs (comme Tiers Age et Te Deum, de la main d&rsquo;Usher), des illustrations, ainsi que des travaux divers qui nous ont \u00e9t\u00e9 envoy\u00e9s par nos lecteurs (et je tiens \u00e0 les en remercier). Un remerciement tout particulier \u00e0 Xaramis, Moustrap, Olivier, Eric Dubourg, Olivier Legrand, L\u00e9o, Macbesse et tous nos forumistes pour leurs nombreuses contributions et participation active \u00e0 la vie de ce site.<\/p>\n<p>En vous souhaitant un bon voyage en compagnie du Nain Ob\u00e9ron, monarque de Monmur, citadelle de F\u00e9\u00e9rie.<\/p>\n<p>&nbsp;<\/p>\n<p><em>Toutes les images et les documents originaux pr\u00e9sents sur ces pages sont l&rsquo;enti\u00e8re propri\u00e9t\u00e9 de leurs auteurs. Vous ne pouvez en disposer qu&rsquo;\u00e0 titre personnel. Par respect du droit d&rsquo;auteur et de la propri\u00e9t\u00e9 intellectuelle, vous ne pouvez ni modifier ces documents, ni les plagier, ni les copier sur un site, une revue&#8230; sans l&rsquo;accord de leur propri\u00e9taire.<\/em><\/p>\n","protected":false},"excerpt":{"rendered":"<p>&nbsp; &nbsp; La Cour d&rsquo;Ob\u00e9ron, ce sont des\u00a0 feuilles de personnages, des centaines de sc\u00e9narios, des aides de jeu, des univers,un ezine, des nouvelles, des articles, des illustrations et des jeux de r\u00f4le gratuits. &nbsp; &nbsp; Nous vous souhaitons la&hellip;<\/p>\n","protected":false},"author":1,"featured_media":0,"parent":0,"menu_order":0,"comment_status":"open","ping_status":"open","template":"","meta":{"footnotes":""},"class_list":["post-2","page","type-page","status-publish","hentry"],"_links":{"self":[{"href":"http:\/\/couroberon.com\/site2\/wp-json\/wp\/v2\/pages\/2","targetHints":{"allow":["GET"]}}],"collection":[{"href":"http:\/\/couroberon.com\/site2\/wp-json\/wp\/v2\/pages"}],"about":[{"href":"http:\/\/couroberon.com\/site2\/wp-json\/wp\/v2\/types\/page"}],"author":[{"embeddable":true,"href":"http:\/\/couroberon.com\/site2\/wp-json\/wp\/v2\/users\/1"}],"replies":[{"embeddable":true,"href":"http:\/\/couroberon.com\/site2\/wp-json\/wp\/v2\/comments?post=2"}],"version-history":[{"count":13,"href":"http:\/\/couroberon.com\/site2\/wp-json\/wp\/v2\/pages\/2\/revisions"}],"predecessor-version":[{"id":655,"href":"http:\/\/couroberon.com\/site2\/wp-json\/wp\/v2\/pages\/2\/revisions\/655"}],"wp:attachment":[{"href":"http:\/\/couroberon.com\/site2\/wp-json\/wp\/v2\/media?parent=2"}],"curies":[{"name":"wp","href":"https:\/\/api.w.org\/{rel}","templated":true}]}}